{"id":2,"date":"2022-05-31T02:47:09","date_gmt":"2022-05-31T02:47:09","guid":{"rendered":"https:\/\/nowo.lt\/?page_id=2"},"modified":"2022-06-23T13:46:26","modified_gmt":"2022-06-23T13:46:26","slug":"puslapio-pavyzdys","status":"publish","type":"page","link":"https:\/\/nowo.lt\/lt\/","title":{"rendered":"Puslapio pavyzdys"},"content":{"rendered":"<div  id=\"avia_feature_image_slider_1\"   data-items='3'  data-taxonomy='category'  data-post_type='post, page, attachment, revision, nav_menu_item, custom_css, customize_changeset, oembed_cache, user_request, wp_block, wp_template, wp_template_part, wp_global_styles, wp_navigation, wp_font_family, wp_font_face, portfolio, avia_framework_post'  data-contents='title_excerpt_read_more'  data-preview_mode='auto'  data-image_size='portfolio'  data-autoplay=''  data-animation='fade'  data-paginate='no'  data-use_main_query_pagination='no'  data-interval='5'  data-class=''  data-categories='10'  data-wc_prod_visible=''  data-prod_order_by=''  data-prod_order=''  data-custom_query=''  data-lightbox_size='large'  data-offset='enforce_duplicates'  data-bg_slider='1'  data-keep_pading='1'  data-custom_markup=''  data-slider_size='16:9'  data-control_layout='av-control-default'  data-overlay_enable=''  data-overlay_opacity='0.5'  data-overlay_color=''  data-overlay_pattern=''  data-overlay_custom_pattern=''  data-date_filter=''  data-date_filter_start=''  data-date_filter_end=''  data-date_filter_format='yy\/mm\/dd'  data-el_id=' id=\"avia_feature_image_slider_1\" '  data-heading_tag=''  data-heading_class=''  class='avia-slideshow avia-featureimage-slideshow avia-animated-caption  avia-slideshow-1  av-control-default avia-slideshow-portfolio   avia-fade-slider '  itemprop=\"image\" itemscope=\"itemscope\" itemtype=\"https:\/\/schema.org\/ImageObject\" ><ul class='avia-slideshow-inner avia-slideshow-fixed-height' style='padding-bottom:56.25%'><li data-img-url='https:\/\/nowo.lt\/wp-content\/uploads\/2022\/05\/Screenshot-2022-06-23-at-16.30.58-495x400.png' class='slide-1  slide-id-22'><div class=\"caption_fullwidth av-slideshow-caption caption_center\"><div class=\"container caption_container\"><div class=\"slideshow_caption\"><div class=\"slideshow_inner_caption\"><div class=\"slideshow_align_caption\"> <h2 class='avia-caption-title  '><a href='https:\/\/nowo.lt\/lt\/2022\/06\/23\/testas\/'>testas<\/a><\/h2><div class=\"avia-caption-content \" itemprop=\"description\"><\/div> <a href=\"https:\/\/nowo.lt\/lt\/2022\/06\/23\/testas\/\" class=\"avia-slideshow-button avia-button avia-color-light \" data-duration=\"800\" data-easing=\"easeInOutQuad\">Read more<\/a><\/div><\/div><\/div><\/div><\/div><\/li><li data-img-url='https:\/\/nowo.lt\/wp-content\/uploads\/2022\/05\/Screenshot-2022-06-23-at-16.30.58-495x400.png' class='slide-2  slide-id-1'><div class=\"caption_fullwidth av-slideshow-caption caption_center\"><div class=\"container caption_container\"><div class=\"slideshow_caption\"><div class=\"slideshow_inner_caption\"><div class=\"slideshow_align_caption\"> <h2 class='avia-caption-title  '><a href='https:\/\/nowo.lt\/lt\/2022\/05\/31\/pirmasis-tinklarascio-irasas\/'>Pirmasis tinklalapio \u012fra\u0161as!<\/a><\/h2><div class=\"avia-caption-content \" itemprop=\"description\"><p>Sveikiname pasirinkus WordPress. Tai pirmasis J\u016bs\u0173 \u012fra\u0161as, galite j\u012f redaguoti arba i\u0161trinti, o tuomet prad\u0117kite kurti!<\/p>\n<\/div> <a href=\"https:\/\/nowo.lt\/lt\/2022\/05\/31\/pirmasis-tinklarascio-irasas\/\" class=\"avia-slideshow-button avia-button avia-color-light \" data-duration=\"800\" data-easing=\"easeInOutQuad\">Read more<\/a><\/div><\/div><\/div><\/div><\/div><\/li><\/ul><div class='avia-slideshow-arrows avia-slideshow-controls'><a href='#prev' class='prev-slide' aria-hidden='true' data-av_icon='\ue87c' data-av_iconfont='entypo-fontello'>Previous<\/a><a href='#next' class='next-slide' aria-hidden='true' data-av_icon='\ue87d' data-av_iconfont='entypo-fontello'>Next<\/a><\/div><div class='avia-slideshow-dots avia-slideshow-controls'><a href='#1' class='goto-slide active' >1<\/a><a href='#2' class='goto-slide ' >2<\/a><\/div><\/div>\n<div id='av-layout-grid-1'  class='av-layout-grid-container entry-content-wrapper main_color av-flex-cells     avia-builder-el-1  el_after_av_feature_image_slider  el_before_av_slideshow_full  submenu-not-first container_wrap fullsize' style=' '  >\n<div class=\"flex_cell no_margin av_one_full  avia-builder-el-2  avia-builder-el-no-sibling   \" ><div class='flex_cell_inner' ><div  class='avia-progress-bar-container  avia_animate_when_almost_visible  avia-builder-el-3  avia-builder-el-no-sibling  av-striped-bar av-animated-bar av-small-bar'><div class='avia-progress-bar theme-color-bar icon-bar-no'><div class='progress' style='height:4px;'><div class='bar-outer'><div class='bar' style='width: 100%' data-progress='100'><\/div><\/div><\/div><\/div><\/div>\n<\/div><\/div><\/div><div id='full_slider_1'  class='avia-fullwidth-slider main_color avia-shadow   avia-builder-el-4  el_after_av_layout_row  avia-builder-el-last   slider-not-first container_wrap fullsize' style=' '  ><\/div><\/p>\n","protected":false},"excerpt":{"rendered":"","protected":false},"author":1,"featured_media":0,"parent":0,"menu_order":0,"comment_status":"closed","ping_status":"open","template":"","meta":{"footnotes":""},"class_list":["post-2","page","type-page","status-publish","hentry"],"_links":{"self":[{"href":"https:\/\/nowo.lt\/lt\/wp-json\/wp\/v2\/pages\/2","targetHints":{"allow":["GET"]}}],"collection":[{"href":"https:\/\/nowo.lt\/lt\/wp-json\/wp\/v2\/pages"}],"about":[{"href":"https:\/\/nowo.lt\/lt\/wp-json\/wp\/v2\/types\/page"}],"author":[{"embeddable":true,"href":"https:\/\/nowo.lt\/lt\/wp-json\/wp\/v2\/users\/1"}],"replies":[{"embeddable":true,"href":"https:\/\/nowo.lt\/lt\/wp-json\/wp\/v2\/comments?post=2"}],"version-history":[{"count":8,"href":"https:\/\/nowo.lt\/lt\/wp-json\/wp\/v2\/pages\/2\/revisions"}],"predecessor-version":[{"id":33,"href":"https:\/\/nowo.lt\/lt\/wp-json\/wp\/v2\/pages\/2\/revisions\/33"}],"wp:attachment":[{"href":"https:\/\/nowo.lt\/lt\/wp-json\/wp\/v2\/media?parent=2"}],"curies":[{"name":"wp","href":"https:\/\/api.w.org\/{rel}","templated":true}]}}